{"id":1101,"date":"2026-03-11T11:42:39","date_gmt":"2026-03-11T11:42:39","guid":{"rendered":"https:\/\/novaraeuropa.eu\/?page_id=1101"},"modified":"2026-04-28T07:13:24","modified_gmt":"2026-04-28T07:13:24","slug":"attivita","status":"publish","type":"page","link":"https:\/\/novaraeuropa.eu\/en\/attivita\/","title":{"rendered":"Activities"},"content":{"rendered":"<div class=\"wp-block-group alignfull is-layout-flow wp-block-group-is-layout-flow\">\n<div class=\"hero-home\">\n    \n    <div class=\"hero-content\">\n      \n      <div class=\"hero-left\">\n        <h1>\n          OUR<br>\n          <strong>ACTIVITY<\/strong>\n        <\/h1>\n      <\/div>\n\n      <div class=\"hero-right\">\n        <div class=\"hero-quote\">\n        Training, mobility, and European projects for schools, organizations, and communities.\n        <\/div>\n         <\/div>\n\n    <\/div>\n\n    <img decoding=\"async\" class=\"hero-img\" src=\"https:\/\/novaraeuropa.eu\/wp-content\/uploads\/2026\/04\/grafica-san-gaudenzio_alta-qualita_no_bg.png\" alt=\"\">\n\n  <\/div>\n<\/div>\n\n\n\n<div class=\"wp-block-query alignwide attivita-grid is-layout-flow wp-block-query-is-layout-flow\">\n\n\n<div class=\"wp-block-group is-layout-flow wp-block-group-is-layout-flow\" style=\"margin-top:0;margin-bottom:0;padding-top:var(--wp--preset--spacing--50);padding-right:0;padding-bottom:var(--wp--preset--spacing--50);padding-left:0\"><ul class=\"columns-3 alignfull wp-block-post-template is-layout-grid wp-container-core-post-template-is-layout-125c70a0 wp-block-post-template-is-layout-grid\"><li class=\"wp-block-post post-667 post type-post status-publish format-standard has-post-thumbnail hentry category-attivita\">\n<figure style=\"aspect-ratio:3\/4; padding-bottom:0;margin-bottom:0;margin-top:var(--wp--preset--spacing--40);\" class=\"wp-block-post-featured-image\"><a href=\"https:\/\/novaraeuropa.eu\/en\/2025\/11\/20\/cittadinanza-attiva\/\" target=\"_self\"  ><img loading=\"lazy\" decoding=\"async\" width=\"400\" height=\"300\" src=\"https:\/\/novaraeuropa.eu\/wp-content\/uploads\/2025\/11\/resized_web_image_small-1.jpg\" class=\"attachment-post-thumbnail size-post-thumbnail wp-post-image\" alt=\"Cittadinanza attiva\" style=\"width:100%;height:100%;object-fit:cover;\" srcset=\"https:\/\/novaraeuropa.eu\/wp-content\/uploads\/2025\/11\/resized_web_image_small-1.jpg 400w, https:\/\/novaraeuropa.eu\/wp-content\/uploads\/2025\/11\/resized_web_image_small-1-300x225.jpg 300w, https:\/\/novaraeuropa.eu\/wp-content\/uploads\/2025\/11\/resized_web_image_small-1-16x12.jpg 16w\" sizes=\"auto, (max-width: 400px) 100vw, 400px\" \/><\/a><\/figure>\n\n\n<div class=\"wp-block-group has-base-background-color has-background is-vertical is-content-justification-center is-nowrap is-layout-flex wp-container-core-group-is-layout-052a73e8 wp-block-group-is-layout-flex\" style=\"margin-top:0;padding-top:0\"><h2 style=\"background-color:#ffffff0d;\" class=\"has-link-color wp-elements-d09be53bffef367e5410a2f96841a849 wp-block-post-title has-text-color has-contrast-color has-background has-large-font-size wp-container-content-32e3a40d\"><a href=\"https:\/\/novaraeuropa.eu\/en\/2025\/11\/20\/cittadinanza-attiva\/\" target=\"_self\" >Active citizenship<\/a><\/h2>\n\n<div class=\"wp-block-template-part\">\n<div class=\"wp-block-group has-global-padding is-layout-constrained wp-block-group-is-layout-constrained\">\n<div class=\"wp-block-group is-content-justification-left is-layout-flex wp-container-core-group-is-layout-dfe8e91f wp-block-group-is-layout-flex\"><div class=\"wp-block-post-date\"><time datetime=\"2025-11-20T10:41:52+00:00\"><a href=\"https:\/\/novaraeuropa.eu\/en\/2025\/11\/20\/cittadinanza-attiva\/\">Nov 20, 2025<\/a><\/time><\/div><\/div>\n<\/div>\n<\/div>\n\n<div style=\"margin-right:var(--wp--preset--spacing--10);margin-left:var(--wp--preset--spacing--10);\" class=\"wp-block-post-excerpt has-text-color has-contrast-2-color has-small-font-size wp-container-content-32e3a40d\"><p class=\"wp-block-post-excerpt__excerpt\">Il progetto ha puntato a rafforzare la cittadinanza attiva europea sviluppando competenze verdi e capacit\u00e0 efficaci per coinvolgere gli adulti nelle attivit\u00e0 di NOE, rendendo le iniziative pi\u00f9 partecipate. Dieci operatori dell\u2019associazione hanno partecipato a un percorso formativo presso il FURIM Institut di Oslo, citt\u00e0 riconosciuta per le sue politiche di sostenibilit\u00e0 e per l\u2019attenzione&hellip; <\/p><\/div>\n\n<a class=\"leggitutto wp-block-read-more\" href=\"https:\/\/novaraeuropa.eu\/en\/2025\/11\/20\/cittadinanza-attiva\/\" target=\"_self\">Read more<span class=\"screen-reader-text\">: Active citizenship<\/span><\/a><\/div>\n\n<\/li><li class=\"wp-block-post post-679 post type-post status-publish format-standard has-post-thumbnail hentry category-attivita\">\n<figure style=\"aspect-ratio:3\/4; padding-bottom:0;margin-bottom:0;margin-top:var(--wp--preset--spacing--40);\" class=\"wp-block-post-featured-image\"><a href=\"https:\/\/novaraeuropa.eu\/en\/2025\/11\/20\/erasmus4democracy\/\" target=\"_self\"  ><img loading=\"lazy\" decoding=\"async\" width=\"1024\" height=\"1024\" src=\"https:\/\/novaraeuropa.eu\/wp-content\/uploads\/2025\/11\/Logo-Erasmus4-democracy.png\" class=\"attachment-post-thumbnail size-post-thumbnail wp-post-image\" alt=\"Erasmus4Democracy\" style=\"width:100%;height:100%;object-fit:cover;\" srcset=\"https:\/\/novaraeuropa.eu\/wp-content\/uploads\/2025\/11\/Logo-Erasmus4-democracy.png 1024w, https:\/\/novaraeuropa.eu\/wp-content\/uploads\/2025\/11\/Logo-Erasmus4-democracy-300x300.png 300w, https:\/\/novaraeuropa.eu\/wp-content\/uploads\/2025\/11\/Logo-Erasmus4-democracy-150x150.png 150w, https:\/\/novaraeuropa.eu\/wp-content\/uploads\/2025\/11\/Logo-Erasmus4-democracy-768x768.png 768w, https:\/\/novaraeuropa.eu\/wp-content\/uploads\/2025\/11\/Logo-Erasmus4-democracy-12x12.png 12w\" sizes=\"auto, (max-width: 1024px) 100vw, 1024px\" \/><\/a><\/figure>\n\n\n<div class=\"wp-block-group has-base-background-color has-background is-vertical is-content-justification-center is-nowrap is-layout-flex wp-container-core-group-is-layout-052a73e8 wp-block-group-is-layout-flex\" style=\"margin-top:0;padding-top:0\"><h2 style=\"background-color:#ffffff0d;\" class=\"has-link-color wp-elements-d09be53bffef367e5410a2f96841a849 wp-block-post-title has-text-color has-contrast-color has-background has-large-font-size wp-container-content-32e3a40d\"><a href=\"https:\/\/novaraeuropa.eu\/en\/2025\/11\/20\/erasmus4democracy\/\" target=\"_self\" >Erasmus4Democracy<\/a><\/h2>\n\n<div class=\"wp-block-template-part\">\n<div class=\"wp-block-group has-global-padding is-layout-constrained wp-block-group-is-layout-constrained\">\n<div class=\"wp-block-group is-content-justification-left is-layout-flex wp-container-core-group-is-layout-dfe8e91f wp-block-group-is-layout-flex\"><div class=\"wp-block-post-date\"><time datetime=\"2025-11-20T10:41:12+00:00\"><a href=\"https:\/\/novaraeuropa.eu\/en\/2025\/11\/20\/erasmus4democracy\/\">Nov 20, 2025<\/a><\/time><\/div><\/div>\n<\/div>\n<\/div>\n\n<div style=\"margin-right:var(--wp--preset--spacing--10);margin-left:var(--wp--preset--spacing--10);\" class=\"wp-block-post-excerpt has-text-color has-contrast-2-color has-small-font-size wp-container-content-32e3a40d\"><p class=\"wp-block-post-excerpt__excerpt\">Il progetto mira a rafforzare l\u2019impegno civico e la partecipazione democratica degli adulti attraverso tre mobilit\u00e0 formative pensate per favorire lo scambio di buone pratiche tra organizzazioni europee. Le attivit\u00e0 coinvolgono formatori e membri dello staff di Novara Europa in percorsi diversi ma complementari: un corso intensivo in Islanda dedicato all\u2019educazione degli adulti, alla democrazia,&hellip; <\/p><\/div>\n\n<a class=\"leggitutto wp-block-read-more\" href=\"https:\/\/novaraeuropa.eu\/en\/2025\/11\/20\/erasmus4democracy\/\" target=\"_self\">Read more<span class=\"screen-reader-text\">: Erasmus4Democracy<\/span><\/a><\/div>\n\n<\/li><li class=\"wp-block-post post-1 post type-post status-publish format-standard has-post-thumbnail hentry category-attivita\">\n<figure style=\"aspect-ratio:3\/4; padding-bottom:0;margin-bottom:0;margin-top:var(--wp--preset--spacing--40);\" class=\"wp-block-post-featured-image\"><a href=\"https:\/\/novaraeuropa.eu\/en\/2024\/01\/15\/riciclocreativo\/\" target=\"_self\"  ><img loading=\"lazy\" decoding=\"async\" width=\"1102\" height=\"578\" src=\"https:\/\/novaraeuropa.eu\/wp-content\/uploads\/2024\/01\/Screenshot-2024-11-06-095120.png\" class=\"attachment-post-thumbnail size-post-thumbnail wp-post-image\" alt=\"Riciclo Creativo\" style=\"width:100%;height:100%;object-fit:cover;\" srcset=\"https:\/\/novaraeuropa.eu\/wp-content\/uploads\/2024\/01\/Screenshot-2024-11-06-095120.png 1102w, https:\/\/novaraeuropa.eu\/wp-content\/uploads\/2024\/01\/Screenshot-2024-11-06-095120-300x157.png 300w, https:\/\/novaraeuropa.eu\/wp-content\/uploads\/2024\/01\/Screenshot-2024-11-06-095120-1024x537.png 1024w, https:\/\/novaraeuropa.eu\/wp-content\/uploads\/2024\/01\/Screenshot-2024-11-06-095120-768x403.png 768w, https:\/\/novaraeuropa.eu\/wp-content\/uploads\/2024\/01\/Screenshot-2024-11-06-095120-18x9.png 18w\" sizes=\"auto, (max-width: 1102px) 100vw, 1102px\" \/><\/a><\/figure>\n\n\n<div class=\"wp-block-group has-base-background-color has-background is-vertical is-content-justification-center is-nowrap is-layout-flex wp-container-core-group-is-layout-052a73e8 wp-block-group-is-layout-flex\" style=\"margin-top:0;padding-top:0\"><h2 style=\"background-color:#ffffff0d;\" class=\"has-link-color wp-elements-d09be53bffef367e5410a2f96841a849 wp-block-post-title has-text-color has-contrast-color has-background has-large-font-size wp-container-content-32e3a40d\"><a href=\"https:\/\/novaraeuropa.eu\/en\/2024\/01\/15\/riciclocreativo\/\" target=\"_self\" >Creative Recycling<\/a><\/h2>\n\n<div class=\"wp-block-template-part\">\n<div class=\"wp-block-group has-global-padding is-layout-constrained wp-block-group-is-layout-constrained\">\n<div class=\"wp-block-group is-content-justification-left is-layout-flex wp-container-core-group-is-layout-dfe8e91f wp-block-group-is-layout-flex\"><div class=\"wp-block-post-date\"><time datetime=\"2024-01-15T14:28:02+00:00\"><a href=\"https:\/\/novaraeuropa.eu\/en\/2024\/01\/15\/riciclocreativo\/\">Jan 15, 2024<\/a><\/time><\/div><\/div>\n<\/div>\n<\/div>\n\n<div style=\"margin-right:var(--wp--preset--spacing--10);margin-left:var(--wp--preset--spacing--10);\" class=\"wp-block-post-excerpt has-text-color has-contrast-2-color has-small-font-size wp-container-content-32e3a40d\"><p class=\"wp-block-post-excerpt__excerpt\">Il progetto mira a sensibilizzare le comunit\u00e0 locali sulla riduzione dei rifiuti, il riutilizzo e il riciclo, promuovendo scambi tra generazioni e culture. Verranno organizzati 9 workshop intergenerazionali (3 per ogni paese coinvolto), durante i quali partecipanti anziani condivideranno pratiche di riciclo su cibo, abbigliamento e altri oggetti con i giovani, mentre questi ultimi insegneranno&hellip; <\/p><\/div>\n\n<a class=\"leggitutto wp-block-read-more\" href=\"https:\/\/novaraeuropa.eu\/en\/2024\/01\/15\/riciclocreativo\/\" target=\"_self\">Read more<span class=\"screen-reader-text\">: Riciclo Creativo<\/span><\/a><\/div>\n\n<\/li><\/ul>\n\n\n<div style=\"margin-top:0;margin-bottom:0;height:var(--wp--preset--spacing--40)\" aria-hidden=\"true\" class=\"wp-block-spacer\"><\/div>\n\n\n<\/div>\n<\/div>","protected":false},"excerpt":{"rendered":"<p>LE NOSTRE ATTIVITA&#8217; Formazione, mobilit\u00e0 e progetti europei per scuole, enti e comunit\u00e0.<\/p>","protected":false},"author":2,"featured_media":0,"parent":0,"menu_order":0,"comment_status":"closed","ping_status":"closed","template":"page-no-title","meta":{"_acf_changed":false,"footnotes":""},"class_list":["post-1101","page","type-page","status-publish","hentry"],"acf":[],"_links":{"self":[{"href":"https:\/\/novaraeuropa.eu\/en\/wp-json\/wp\/v2\/pages\/1101","targetHints":{"allow":["GET"]}}],"collection":[{"href":"https:\/\/novaraeuropa.eu\/en\/wp-json\/wp\/v2\/pages"}],"about":[{"href":"https:\/\/novaraeuropa.eu\/en\/wp-json\/wp\/v2\/types\/page"}],"author":[{"embeddable":true,"href":"https:\/\/novaraeuropa.eu\/en\/wp-json\/wp\/v2\/users\/2"}],"replies":[{"embeddable":true,"href":"https:\/\/novaraeuropa.eu\/en\/wp-json\/wp\/v2\/comments?post=1101"}],"version-history":[{"count":51,"href":"https:\/\/novaraeuropa.eu\/en\/wp-json\/wp\/v2\/pages\/1101\/revisions"}],"predecessor-version":[{"id":2589,"href":"https:\/\/novaraeuropa.eu\/en\/wp-json\/wp\/v2\/pages\/1101\/revisions\/2589"}],"wp:attachment":[{"href":"https:\/\/novaraeuropa.eu\/en\/wp-json\/wp\/v2\/media?parent=1101"}],"curies":[{"name":"wp","href":"https:\/\/api.w.org\/{rel}","templated":true}]}}